{"id":55,"date":"2021-12-07T05:51:23","date_gmt":"2021-12-07T05:51:23","guid":{"rendered":"https:\/\/santuariogrottaforno.it\/?page_id=55"},"modified":"2021-12-07T05:53:42","modified_gmt":"2021-12-07T05:53:42","slug":"la-grotta","status":"publish","type":"page","link":"https:\/\/www.santuariogrottaforno.it\/index.php\/la-grotta\/","title":{"rendered":"La Grotta"},"content":{"rendered":"<p>Ha le stesse dimensioni della Sacra Grotta di Massabielle (Lourdes), venne costruita nel 1961, \u00e8 di fattura moderna in 2 archi colossali di cemento armato, con travature metalliche per la nicchia, ed \u00e8 tutta rivestita di mosaico, la statua della Madonna \u00e8 in marmo bianco di Carrara ed \u00e8 alta 2 metri, sotto alla nicchia c&#8217;e&#8217; il posto delle &#8220;Lettere alla Madonna&#8221;.<\/p>\n<p>Sullo sfondo della Sacra Grotta ci sono dei mosaici colorati che raffigurano delle Litanie della Madonna:<\/p>\n<p>Casa d&#8217;oro,<br \/>\nTorre d&#8217;avorio,<br \/>\nCorona regale,<br \/>\nGloria di Maria,<br \/>\nPorta del Cielo,<br \/>\nStella del Mare,<br \/>\nVaso Insigne di Devozione.<\/p>\n<p>Sotto la mensa dell&#8217;altare ci sono due statuette in bronzo dorato che rappresentano la visita di Maria SS a santa Elisabetta.<\/p>\n","protected":false},"excerpt":{"rendered":"<p>Ha le stesse dimensioni della Sacra Grotta di Massabielle (Lourdes), venne costruita [&hellip;]<\/p>\n","protected":false},"author":1,"featured_media":0,"parent":0,"menu_order":0,"comment_status":"closed","ping_status":"closed","template":"","meta":{"ngg_post_thumbnail":0,"footnotes":""},"class_list":["post-55","page","type-page","status-publish","hentry"],"_links":{"self":[{"href":"https:\/\/www.santuariogrottaforno.it\/index.php\/wp-json\/wp\/v2\/pages\/55","targetHints":{"allow":["GET"]}}],"collection":[{"href":"https:\/\/www.santuariogrottaforno.it\/index.php\/wp-json\/wp\/v2\/pages"}],"about":[{"href":"https:\/\/www.santuariogrottaforno.it\/index.php\/wp-json\/wp\/v2\/types\/page"}],"author":[{"embeddable":true,"href":"https:\/\/www.santuariogrottaforno.it\/index.php\/wp-json\/wp\/v2\/users\/1"}],"replies":[{"embeddable":true,"href":"https:\/\/www.santuariogrottaforno.it\/index.php\/wp-json\/wp\/v2\/comments?post=55"}],"version-history":[{"count":2,"href":"https:\/\/www.santuariogrottaforno.it\/index.php\/wp-json\/wp\/v2\/pages\/55\/revisions"}],"predecessor-version":[{"id":69,"href":"https:\/\/www.santuariogrottaforno.it\/index.php\/wp-json\/wp\/v2\/pages\/55\/revisions\/69"}],"wp:attachment":[{"href":"https:\/\/www.santuariogrottaforno.it\/index.php\/wp-json\/wp\/v2\/media?parent=55"}],"curies":[{"name":"wp","href":"https:\/\/api.w.org\/{rel}","templated":true}]}}