{"id":48,"date":"2021-12-07T05:50:32","date_gmt":"2021-12-07T05:50:32","guid":{"rendered":"https:\/\/santuariogrottaforno.it\/?page_id=48"},"modified":"2021-12-07T06:07:32","modified_gmt":"2021-12-07T06:07:32","slug":"visitare","status":"publish","type":"page","link":"https:\/\/www.santuariogrottaforno.it\/index.php\/visitare\/","title":{"rendered":"Visitare"},"content":{"rendered":"<p>Saluto Rettore entrante<\/p>\n<p>lourdes coazze<\/p>\n<p><img loading=\"lazy\" decoding=\"async\" class=\"wp-image-83 alignright\" src=\"https:\/\/santuariogrottaforno.it\/wp-content\/uploads\/2021\/12\/IMG_20160828_174716-300x199.jpg\" alt=\"\" width=\"423\" height=\"281\" srcset=\"https:\/\/www.santuariogrottaforno.it\/wp-content\/uploads\/2021\/12\/IMG_20160828_174716-300x199.jpg 300w, https:\/\/www.santuariogrottaforno.it\/wp-content\/uploads\/2021\/12\/IMG_20160828_174716-768x510.jpg 768w, https:\/\/www.santuariogrottaforno.it\/wp-content\/uploads\/2021\/12\/IMG_20160828_174716-920x611.jpg 920w, https:\/\/www.santuariogrottaforno.it\/wp-content\/uploads\/2021\/12\/IMG_20160828_174716-230x153.jpg 230w, https:\/\/www.santuariogrottaforno.it\/wp-content\/uploads\/2021\/12\/IMG_20160828_174716-350x232.jpg 350w, https:\/\/www.santuariogrottaforno.it\/wp-content\/uploads\/2021\/12\/IMG_20160828_174716-480x319.jpg 480w, https:\/\/www.santuariogrottaforno.it\/wp-content\/uploads\/2021\/12\/IMG_20160828_174716.jpg 1024w\" sizes=\"auto, (max-width: 423px) 100vw, 423px\" \/>Carissimi fedeli affezionati alla nostra Madre Maria Immacolata venerata nel nostro \u201cSantuario grotta di Lourdes\u201d di Forno di Coazze,<\/p>\n<p>sono contento di rivolgermi a voi con il primo saluto come nuovo rettore del nostro Santuario.<\/p>\n<p>Per alcuni di voi non sono nuovo, ma conosciuto da tanti anni perch\u00e9 la maggior parte del mio tempo di riposo e di ricarica umana e spirituale dalle fatiche dell\u2019apostolato l\u2019ho passato proprio al Forno.<\/p>\n<p>Carissimi amici e discepoli di don Viotti, cresciuti spiritualmente all\u2019ombra della sua fede e del suo amore veramente umano, cristiano e apostolico.<\/p>\n<p>Sono stato amico grande di don Viotti, onorato di essere da lui considerato tale, fratello nel sacerdozio e compagno di tanti momenti di preghiera, di dialogo, di serena convivenza con lui.<\/p>\n<p>Con Lui ho condiviso momenti belli e momenti faticosi, fino a quelli in cui la vita fisica si \u00e8 divisa per la sua morte; ma non quella spirituale, intima e profonda, che continua a mantenere legati vicendevolmente noi discepoli del Risorto.<\/p>\n<p>La stessa amicizia mi lega con le Mamme con le quali abbiamo vissuto momenti sereni e carichi di amicizia e di preghiera. Stessa amicizia che, pur in tempo breve, si \u00e8 creata con le Suore Missionarie di Maria Ausiliatrice, che da alcuni anni stanno collaborando con cuore e calore, con generosit\u00e0 e spirito di sacrificio, a mantenere e ravvivare questa nostra realt\u00e0 umana e di fede.<\/p>\n<p>In questo elenco \u00e8 scivolato per ultimo don Maurizio: ma ultimo proprio non \u00e8, ci lega stima, fraternit\u00e0, schietta e spontanea amicizia. A Lui va il nostro grandissimo grazie per la competenza, generosit\u00e0 e abnegazione con cui ha seguito e servito il nostro Santuario. E con lui tutti i rettori precedenti: Don Piero Delbosco, Don Dino Morando, Don Francesco Pairetto.<\/p>\n<p>Ecco: \u00e8 una premessa un po\u2019 lunga, ma utile per inquadrare le nostre persone in questo momento concreto della storia che il buon Dio ci d\u00e0 da vivere.<\/p>\n<p>Fratelli cari: io ho settantacinque anni e mezzo. Non so quanto il Signore mi dar\u00e0 ancora da vivere e fin quando mi conserver\u00e0 le forze che oggi ho, ma le voglio mettere volentieri e tutte al servizio di Dio in questa piccola porzione di Chiesa che \u00e8 il Santuario e la Casa di Spiritualit\u00e0 del Forno.<\/p>\n<p>Per il Forno ho gi\u00e0 trovato affiancato don Nino Bergesio e, in genere, anche i sacerdoti di Giaveno, nel limite del loro possibile, in quanto la loro realt\u00e0 \u00e8 gi\u00e0 ampiamente esigente! Come sapete sono anche rettore del santuario della Consolata di Torino. Il vescovo, che mi ha chiesto di seguire questi due santuari, mi ha affiancato per Torino due vicerettori, uno addetto maggiormente all\u2019economia e alla organizzazione del Convitto, l\u2019altro maggiormente addetto alla liturgia e all\u2019organizzazione delle confessioni.<\/p>\n<p>Qual \u00e8 la grande forza su cui fare affidamento?<\/p>\n<p>* C\u2019\u00e8 la forza pi\u00f9 profonda, importante, essenziale: \u00e8 la Grazia del Signore Ges\u00f9, che se ci chiede un impegno ce lo rende possibile con il suo aiuto. Grazia da non attendere passivamente, ma da ottenere con la preghiera costante, fedele, profonda.<\/p>\n<p>* Ma c\u2019\u00e8, e ci deve essere, la nostra collaborazione, non solo di noi sacerdoti e suore, ma di tutti voi fedeli: in ogni campo, sia quello spirituale di animazione, di fede e di preghiera sia in quello materiale, strutturale, organizzativo. Ecco il campo aperto del Volontariato che \u00e8 la realt\u00e0 pastorale e operativa del futuro!<\/p>\n<p>Ho trovato gi\u00e0 presenti e operanti un primo nucleo di ottimi e generosissimi collaboratori volontari, che ringrazio gi\u00e0 per il lavoro preciso e attento di questi ultimi tempi, e ai quali ho chiesto di continuare perch\u00e9 sono il primo nerbo portante del Santuario con il nostro buon Renato. Ma \u00e8 necessario allargare il numero di chi offre la sua collaborazione volontaria, per arrivare a coprire tutte le esigenze da quelle pi\u00f9 spirituali quali l\u2019aiuto per la liturgia e la preghiera, l\u2019accoglienza dei pellegrini, ecc\u2026., a quelle pi\u00f9 materiali e organizzative come la cura del verde, dei fiori, delle piante (autentico patrimonio del nostro Santuario!), la pulizia della casa e dell\u2019ambiente esterno, le piccole rotture e manutenzioni spicciole, ecc\u2026 ognuno secondo la propensione che ha, o le competenze, capacit\u00e0, ecc\u2026<\/p>\n<p>Concludo questa mia lunga lettera: grazie che mi avete letto. Al di l\u00e0 delle collaborazioni di cui sopra ce n\u2019\u00e8 una che tutti possiamo dare, ed \u00e8 la preghiera. Papa Francesco non si stanca di chiedere a chiunque incontra \u201c\u2026e non dimenticatevi di pregare per me\u201d. La stessa cosa chiedo io, per me e per questo nuovo cammino appena iniziato. Cammineremo cos\u00ec con il Signore Ges\u00f9 accompagnati dalla Sua Madre L\u2019Immacolata. E Loro cammineranno con noi.<\/p>\n<p>Buon Cammino a tutti e \u2026 A presto.<\/p>\n<p>Don Michele Olivero rettore<\/p>\n","protected":false},"excerpt":{"rendered":"<p>Saluto Rettore entrante lourdes coazze Carissimi fedeli affezionati alla nostra Madre Maria [&hellip;]<\/p>\n","protected":false},"author":1,"featured_media":0,"parent":0,"menu_order":0,"comment_status":"closed","ping_status":"closed","template":"","meta":{"ngg_post_thumbnail":0,"footnotes":""},"class_list":["post-48","page","type-page","status-publish","hentry"],"_links":{"self":[{"href":"https:\/\/www.santuariogrottaforno.it\/index.php\/wp-json\/wp\/v2\/pages\/48","targetHints":{"allow":["GET"]}}],"collection":[{"href":"https:\/\/www.santuariogrottaforno.it\/index.php\/wp-json\/wp\/v2\/pages"}],"about":[{"href":"https:\/\/www.santuariogrottaforno.it\/index.php\/wp-json\/wp\/v2\/types\/page"}],"author":[{"embeddable":true,"href":"https:\/\/www.santuariogrottaforno.it\/index.php\/wp-json\/wp\/v2\/users\/1"}],"replies":[{"embeddable":true,"href":"https:\/\/www.santuariogrottaforno.it\/index.php\/wp-json\/wp\/v2\/comments?post=48"}],"version-history":[{"count":3,"href":"https:\/\/www.santuariogrottaforno.it\/index.php\/wp-json\/wp\/v2\/pages\/48\/revisions"}],"predecessor-version":[{"id":84,"href":"https:\/\/www.santuariogrottaforno.it\/index.php\/wp-json\/wp\/v2\/pages\/48\/revisions\/84"}],"wp:attachment":[{"href":"https:\/\/www.santuariogrottaforno.it\/index.php\/wp-json\/wp\/v2\/media?parent=48"}],"curies":[{"name":"wp","href":"https:\/\/api.w.org\/{rel}","templated":true}]}}